{"id":43,"date":"2024-05-10T11:07:11","date_gmt":"2024-05-10T11:07:11","guid":{"rendered":"https:\/\/centre.gure-etxea.com\/?page_id=43"},"modified":"2024-07-09T10:39:19","modified_gmt":"2024-07-09T10:39:19","slug":"qui-som","status":"publish","type":"page","link":"https:\/\/centre.gure-etxea.com\/index.php\/qui-som\/","title":{"rendered":"Qui som?"},"content":{"rendered":"\t\t<div data-elementor-type=\"wp-page\" data-elementor-id=\"43\" class=\"elementor elementor-43\" data-elementor-post-type=\"page\">\n\t\t\t\t<div class=\"elementor-element elementor-element-a004826 e-con-full e-flex e-con e-parent\" data-id=\"a004826\" data-element_type=\"container\">\n\t\t<div class=\"elementor-element elementor-element-ecf46b0 e-con-full e-flex e-con e-child\" data-id=\"ecf46b0\" data-element_type=\"container\">\n\t\t\t\t<div class=\"elementor-element elementor-element-bc6fe25 elementor-widget elementor-widget-image\" data-id=\"bc6fe25\" data-element_type=\"widget\" data-widget_type=\"image.default\">\n\t\t\t\t<div class=\"elementor-widget-container\">\n\t\t\t\t\t\t\t\t\t\t\t\t\t\t\t\t<a href=\"https:\/\/centre.gure-etxea.com\/wp-content\/uploads\/2024\/05\/edifici-gure2.jpg\" data-elementor-open-lightbox=\"yes\" data-elementor-lightbox-title=\"edifici-gure2\" data-e-action-hash=\"#elementor-action%3Aaction%3Dlightbox%26settings%3DeyJpZCI6MjQ2LCJ1cmwiOiJodHRwczpcL1wvY2VudHJlLmd1cmUtZXR4ZWEuY29tXC93cC1jb250ZW50XC91cGxvYWRzXC8yMDI0XC8wNVwvZWRpZmljaS1ndXJlMi5qcGcifQ%3D%3D\">\n\t\t\t\t\t\t\t<img fetchpriority=\"high\" decoding=\"async\" width=\"1024\" height=\"700\" src=\"https:\/\/centre.gure-etxea.com\/wp-content\/uploads\/2024\/05\/edifici-gure2-1024x700.jpg\" class=\"attachment-large size-large wp-image-246\" alt=\"\" srcset=\"https:\/\/centre.gure-etxea.com\/wp-content\/uploads\/2024\/05\/edifici-gure2-1024x700.jpg 1024w, https:\/\/centre.gure-etxea.com\/wp-content\/uploads\/2024\/05\/edifici-gure2-300x205.jpg 300w, https:\/\/centre.gure-etxea.com\/wp-content\/uploads\/2024\/05\/edifici-gure2-768x525.jpg 768w, https:\/\/centre.gure-etxea.com\/wp-content\/uploads\/2024\/05\/edifici-gure2.jpg 1087w\" sizes=\"(max-width: 1024px) 100vw, 1024px\" \/>\t\t\t\t\t\t\t\t<\/a>\n\t\t\t\t\t\t\t\t\t\t\t\t\t\t\t<\/div>\n\t\t\t\t<\/div>\n\t\t\t\t<div class=\"elementor-element elementor-element-1c14f6e elementor-widget elementor-widget-spacer\" data-id=\"1c14f6e\" data-element_type=\"widget\" data-widget_type=\"spacer.default\">\n\t\t\t\t<div class=\"elementor-widget-container\">\n\t\t\t\t\t\t\t<div class=\"elementor-spacer\">\n\t\t\t<div class=\"elementor-spacer-inner\"><\/div>\n\t\t<\/div>\n\t\t\t\t\t\t<\/div>\n\t\t\t\t<\/div>\n\t\t\t\t<div class=\"elementor-element elementor-element-0b9eb63 elementor-widget elementor-widget-image\" data-id=\"0b9eb63\" data-element_type=\"widget\" data-widget_type=\"image.default\">\n\t\t\t\t<div class=\"elementor-widget-container\">\n\t\t\t\t\t\t\t\t\t\t\t\t\t\t\t\t<a href=\"https:\/\/centre.gure-etxea.com\/wp-content\/uploads\/2024\/05\/qui-gure1.jpg\" data-elementor-open-lightbox=\"yes\" data-elementor-lightbox-title=\"qui-gure1\" data-e-action-hash=\"#elementor-action%3Aaction%3Dlightbox%26settings%3DeyJpZCI6MjQ3LCJ1cmwiOiJodHRwczpcL1wvY2VudHJlLmd1cmUtZXR4ZWEuY29tXC93cC1jb250ZW50XC91cGxvYWRzXC8yMDI0XC8wNVwvcXVpLWd1cmUxLmpwZyJ9\">\n\t\t\t\t\t\t\t<img decoding=\"async\" width=\"1024\" height=\"683\" src=\"https:\/\/centre.gure-etxea.com\/wp-content\/uploads\/2024\/05\/qui-gure1-1024x683.jpg\" class=\"attachment-large size-large wp-image-247\" alt=\"\" srcset=\"https:\/\/centre.gure-etxea.com\/wp-content\/uploads\/2024\/05\/qui-gure1-1024x683.jpg 1024w, https:\/\/centre.gure-etxea.com\/wp-content\/uploads\/2024\/05\/qui-gure1-300x200.jpg 300w, https:\/\/centre.gure-etxea.com\/wp-content\/uploads\/2024\/05\/qui-gure1-768x512.jpg 768w, https:\/\/centre.gure-etxea.com\/wp-content\/uploads\/2024\/05\/qui-gure1.jpg 1200w\" sizes=\"(max-width: 1024px) 100vw, 1024px\" \/>\t\t\t\t\t\t\t\t<\/a>\n\t\t\t\t\t\t\t\t\t\t\t\t\t\t\t<\/div>\n\t\t\t\t<\/div>\n\t\t\t\t<div class=\"elementor-element elementor-element-7f1a3c1 elementor-widget elementor-widget-spacer\" data-id=\"7f1a3c1\" data-element_type=\"widget\" data-widget_type=\"spacer.default\">\n\t\t\t\t<div class=\"elementor-widget-container\">\n\t\t\t\t\t\t\t<div class=\"elementor-spacer\">\n\t\t\t<div class=\"elementor-spacer-inner\"><\/div>\n\t\t<\/div>\n\t\t\t\t\t\t<\/div>\n\t\t\t\t<\/div>\n\t\t\t\t<div class=\"elementor-element elementor-element-641e13b elementor-widget elementor-widget-image\" data-id=\"641e13b\" data-element_type=\"widget\" data-widget_type=\"image.default\">\n\t\t\t\t<div class=\"elementor-widget-container\">\n\t\t\t\t\t\t\t\t\t\t\t\t\t\t\t<img decoding=\"async\" width=\"1024\" height=\"751\" src=\"https:\/\/centre.gure-etxea.com\/wp-content\/uploads\/2024\/05\/WhatsApp-Image-2024-05-02-at-13.02.35-1024x751.jpeg\" class=\"attachment-large size-large wp-image-245\" alt=\"\" srcset=\"https:\/\/centre.gure-etxea.com\/wp-content\/uploads\/2024\/05\/WhatsApp-Image-2024-05-02-at-13.02.35-1024x751.jpeg 1024w, https:\/\/centre.gure-etxea.com\/wp-content\/uploads\/2024\/05\/WhatsApp-Image-2024-05-02-at-13.02.35-300x220.jpeg 300w, https:\/\/centre.gure-etxea.com\/wp-content\/uploads\/2024\/05\/WhatsApp-Image-2024-05-02-at-13.02.35-768x563.jpeg 768w, https:\/\/centre.gure-etxea.com\/wp-content\/uploads\/2024\/05\/WhatsApp-Image-2024-05-02-at-13.02.35.jpeg 1189w\" sizes=\"(max-width: 1024px) 100vw, 1024px\" \/>\t\t\t\t\t\t\t\t\t\t\t\t\t\t\t<\/div>\n\t\t\t\t<\/div>\n\t\t\t\t<div class=\"elementor-element elementor-element-13e3d4b elementor-widget elementor-widget-spacer\" data-id=\"13e3d4b\" data-element_type=\"widget\" data-widget_type=\"spacer.default\">\n\t\t\t\t<div class=\"elementor-widget-container\">\n\t\t\t\t\t\t\t<div class=\"elementor-spacer\">\n\t\t\t<div class=\"elementor-spacer-inner\"><\/div>\n\t\t<\/div>\n\t\t\t\t\t\t<\/div>\n\t\t\t\t<\/div>\n\t\t\t\t<\/div>\n\t\t<div class=\"elementor-element elementor-element-04f8240 e-con-full e-flex e-con e-child\" data-id=\"04f8240\" data-element_type=\"container\">\n\t\t\t\t<div class=\"elementor-element elementor-element-1bf2ef1 elementor-widget__width-initial elementor-widget elementor-widget-text-editor\" data-id=\"1bf2ef1\" data-element_type=\"widget\" data-widget_type=\"text-editor.default\">\n\t\t\t\t<div class=\"elementor-widget-container\">\n\t\t\t\t\t\t\t\t\t<p data-sourcepos=\"3:1-3:285\">Fundada el juliol de 1984 i situada en ple Eixample Barcelon\u00e8s, <strong>GURE ETXEA<\/strong> \u00e9s una Resid\u00e8ncia Asistida on el m\u00e9s important s\u00f3n els seus residents. Ens caracteritzem per ser un <strong>centre familiar i proper en constant renovaci\u00f3<\/strong> i atents a tots els aven\u00e7os en el camp de la geriatria.<\/p><p data-sourcepos=\"5:1-5:165\">Dia a dia ens esforcem per oferir tant als nostres residents com als seus familiars i amics una assist\u00e8ncia de qualitat en un ambient el m\u00e9s semblant a una casa.<\/p><p data-sourcepos=\"7:1-7:287\"><strong>Disposem de 33 places de Resid\u00e8ncia Asistida (20 de les quals acreditades per acollir PEVS)<\/strong><\/p><p data-sourcepos=\"9:1-9:27\"><strong>La nostra premissa \u00e9s que residir en una resid\u00e8ncia no implica l&#8217;exclusi\u00f3 del m\u00f3n ni de l&#8217;entorn,<\/strong> per aix\u00f2 participem en quantes activitats ve\u00efnals podem; a m\u00e9s d&#8217;organitzar amb certa freq\u00fc\u00e8ncia concerts, xerrades i exposicions en qu\u00e8 convidem no nom\u00e9s a familiars i amics, sin\u00f3 tamb\u00e9 als ve\u00efns del barri.<\/p><p data-sourcepos=\"11:1-11:312\">En l\u00ednia amb<strong> l&#8217;Atenci\u00f3 Centrada en la Persona, <\/strong>valorem a cada resident com a individu de ple dret en la societat<strong>,<\/strong> sense discriminar a ning\u00fa per cap motiu i elaborem un Pla d&#8217;Atenci\u00f3 Individualitzada que contempli les necessitats (sempre canviants) de totes i cadascuna de les persones que viuen a GURE ETXEA.<\/p><p data-sourcepos=\"13:1-13:236\">Per\u00a0 tot aix\u00f2 comptem amb<strong> un gran equip hum\u00e0 format per 25 professionals de diferents disciplines.<\/strong> Col\u00b7laborem tamb\u00e9 en programes de pr\u00e0ctiques de diferents escoles, aix\u00ed com amb un equip de Voluntaris de la <em>Parr\u00f2quia Sant Oleguer<\/em>.<\/p><p data-sourcepos=\"15:1-15:137\">Tots els membres de l&#8217;equip estan preparats tant humana com t\u00e8cnicament per oferir a cadascun dels residents l&#8217;atenci\u00f3 i el cariny necessaris, i per acompanyar-los en tot moment a rec\u00f3rrer l&#8217;\u00faltim tram del cam\u00ed de les seves vides. Treballem tots junts per fer que se sentin com a la seva pr\u00f2pia casa, proporcionant-los <strong>una excel\u00b7lent atenci\u00f3 les 24 hores del dia.<\/strong><\/p><p data-sourcepos=\"17:1-17:154\">En aquesta p\u00e0gina web li oferim informaci\u00f3 sobre els aspectes m\u00e9s significatius del funcionament del centre per a qu\u00e8 puguin con\u00e8ixer la nostra tasca.<\/p><p data-sourcepos=\"19:1-19:28\"><strong>Gr\u00e0cies per visitar-nos.<\/strong><\/p>\t\t\t\t\t\t\t\t<\/div>\n\t\t\t\t<\/div>\n\t\t\t\t<div class=\"elementor-element elementor-element-d47b043 elementor-widget elementor-widget-image\" data-id=\"d47b043\" data-element_type=\"widget\" data-widget_type=\"image.default\">\n\t\t\t\t<div class=\"elementor-widget-container\">\n\t\t\t\t\t\t\t\t\t\t\t\t\t\t\t\t<a href=\"https:\/\/centre.gure-etxea.com\/wp-content\/uploads\/2024\/07\/aquiestimen-tots-elscolors.png\" data-elementor-open-lightbox=\"yes\" data-elementor-lightbox-title=\"Aqu\u00ed estimen tots els colors    ;  )\" data-e-action-hash=\"#elementor-action%3Aaction%3Dlightbox%26settings%3DeyJpZCI6NTQzLCJ1cmwiOiJodHRwczpcL1wvY2VudHJlLmd1cmUtZXR4ZWEuY29tXC93cC1jb250ZW50XC91cGxvYWRzXC8yMDI0XC8wN1wvYXF1aWVzdGltZW4tdG90cy1lbHNjb2xvcnMucG5nIn0%3D\">\n\t\t\t\t\t\t\t<img loading=\"lazy\" decoding=\"async\" width=\"300\" height=\"203\" src=\"https:\/\/centre.gure-etxea.com\/wp-content\/uploads\/2024\/07\/aquiestimen-tots-elscolors-300x203.png\" class=\"attachment-medium size-medium wp-image-543\" alt=\"\" srcset=\"https:\/\/centre.gure-etxea.com\/wp-content\/uploads\/2024\/07\/aquiestimen-tots-elscolors-300x203.png 300w, https:\/\/centre.gure-etxea.com\/wp-content\/uploads\/2024\/07\/aquiestimen-tots-elscolors.png 607w\" sizes=\"(max-width: 300px) 100vw, 300px\" \/>\t\t\t\t\t\t\t\t<\/a>\n\t\t\t\t\t\t\t\t\t\t\t\t\t\t\t<\/div>\n\t\t\t\t<\/div>\n\t\t\t\t<\/div>\n\t\t\t\t<\/div>\n\t\t\t\t<\/div>\n\t\t","protected":false},"excerpt":{"rendered":"<p>Fundada el juliol de 1984 i situada en ple Eixample Barcelon\u00e8s, GURE ETXEA \u00e9s una Resid\u00e8ncia Asistida on el m\u00e9s important s\u00f3n els seus residents. Ens caracteritzem per ser un centre familiar i proper en constant renovaci\u00f3 i atents a tots els aven\u00e7os en el camp de la geriatria. Dia a dia ens esforcem per [&hellip;]<\/p>\n","protected":false},"author":2,"featured_media":0,"parent":0,"menu_order":0,"comment_status":"closed","ping_status":"closed","template":"","meta":{"ocean_post_layout":"full-width","ocean_both_sidebars_style":"","ocean_both_sidebars_content_width":0,"ocean_both_sidebars_sidebars_width":0,"ocean_sidebar":"0","ocean_second_sidebar":"0","ocean_disable_margins":"enable","ocean_add_body_class":"","ocean_shortcode_before_top_bar":"","ocean_shortcode_after_top_bar":"","ocean_shortcode_before_header":"","ocean_shortcode_after_header":"","ocean_has_shortcode":"","ocean_shortcode_after_title":"","ocean_shortcode_before_footer_widgets":"","ocean_shortcode_after_footer_widgets":"","ocean_shortcode_before_footer_bottom":"","ocean_shortcode_after_footer_bottom":"","ocean_display_top_bar":"default","ocean_display_header":"default","ocean_header_style":"","ocean_center_header_left_menu":"0","ocean_custom_header_template":"0","ocean_custom_logo":0,"ocean_custom_retina_logo":0,"ocean_custom_logo_max_width":0,"ocean_custom_logo_tablet_max_width":0,"ocean_custom_logo_mobile_max_width":0,"ocean_custom_logo_max_height":0,"ocean_custom_logo_tablet_max_height":0,"ocean_custom_logo_mobile_max_height":0,"ocean_header_custom_menu":"0","ocean_menu_typo_font_family":"0","ocean_menu_typo_font_subset":"","ocean_menu_typo_font_size":0,"ocean_menu_typo_font_size_tablet":0,"ocean_menu_typo_font_size_mobile":0,"ocean_menu_typo_font_size_unit":"px","ocean_menu_typo_font_weight":"","ocean_menu_typo_font_weight_tablet":"","ocean_menu_typo_font_weight_mobile":"","ocean_menu_typo_transform":"","ocean_menu_typo_transform_tablet":"","ocean_menu_typo_transform_mobile":"","ocean_menu_typo_line_height":0,"ocean_menu_typo_line_height_tablet":0,"ocean_menu_typo_line_height_mobile":0,"ocean_menu_typo_line_height_unit":"","ocean_menu_typo_spacing":0,"ocean_menu_typo_spacing_tablet":0,"ocean_menu_typo_spacing_mobile":0,"ocean_menu_typo_spacing_unit":"","ocean_menu_link_color":"","ocean_menu_link_color_hover":"","ocean_menu_link_color_active":"","ocean_menu_link_background":"","ocean_menu_link_hover_background":"","ocean_menu_link_active_background":"","ocean_menu_social_links_bg":"","ocean_menu_social_hover_links_bg":"","ocean_menu_social_links_color":"","ocean_menu_social_hover_links_color":"","ocean_disable_title":"default","ocean_disable_heading":"default","ocean_post_title":"","ocean_post_subheading":"","ocean_post_title_style":"","ocean_post_title_background_color":"","ocean_post_title_background":0,"ocean_post_title_bg_image_position":"","ocean_post_title_bg_image_attachment":"","ocean_post_title_bg_image_repeat":"","ocean_post_title_bg_image_size":"","ocean_post_title_height":0,"ocean_post_title_bg_overlay":0.5,"ocean_post_title_bg_overlay_color":"","ocean_disable_breadcrumbs":"default","ocean_breadcrumbs_color":"","ocean_breadcrumbs_separator_color":"","ocean_breadcrumbs_links_color":"","ocean_breadcrumbs_links_hover_color":"","ocean_display_footer_widgets":"default","ocean_display_footer_bottom":"default","ocean_custom_footer_template":"0","_joinchat":[],"footnotes":""},"class_list":["post-43","page","type-page","status-publish","hentry","entry"],"_links":{"self":[{"href":"https:\/\/centre.gure-etxea.com\/index.php\/wp-json\/wp\/v2\/pages\/43","targetHints":{"allow":["GET"]}}],"collection":[{"href":"https:\/\/centre.gure-etxea.com\/index.php\/wp-json\/wp\/v2\/pages"}],"about":[{"href":"https:\/\/centre.gure-etxea.com\/index.php\/wp-json\/wp\/v2\/types\/page"}],"author":[{"embeddable":true,"href":"https:\/\/centre.gure-etxea.com\/index.php\/wp-json\/wp\/v2\/users\/2"}],"replies":[{"embeddable":true,"href":"https:\/\/centre.gure-etxea.com\/index.php\/wp-json\/wp\/v2\/comments?post=43"}],"version-history":[{"count":51,"href":"https:\/\/centre.gure-etxea.com\/index.php\/wp-json\/wp\/v2\/pages\/43\/revisions"}],"predecessor-version":[{"id":546,"href":"https:\/\/centre.gure-etxea.com\/index.php\/wp-json\/wp\/v2\/pages\/43\/revisions\/546"}],"wp:attachment":[{"href":"https:\/\/centre.gure-etxea.com\/index.php\/wp-json\/wp\/v2\/media?parent=43"}],"curies":[{"name":"wp","href":"https:\/\/api.w.org\/{rel}","templated":true}]}}