{"id":304,"date":"2024-05-15T16:33:10","date_gmt":"2024-05-15T16:33:10","guid":{"rendered":"https:\/\/centre.gure-etxea.com\/?page_id=304"},"modified":"2024-05-15T16:45:19","modified_gmt":"2024-05-15T16:45:19","slug":"avis-legal","status":"publish","type":"page","link":"https:\/\/centre.gure-etxea.com\/index.php\/avis-legal\/","title":{"rendered":"Av\u00eds legal"},"content":{"rendered":"\t\t<div data-elementor-type=\"wp-page\" data-elementor-id=\"304\" class=\"elementor elementor-304\" data-elementor-post-type=\"page\">\n\t\t\t\t<div class=\"elementor-element elementor-element-8654961 e-flex e-con-boxed e-con e-parent\" data-id=\"8654961\" data-element_type=\"container\">\n\t\t\t\t\t<div class=\"e-con-inner\">\n\t\t\t\t<div class=\"elementor-element elementor-element-4ea8d17 elementor-widget elementor-widget-text-editor\" data-id=\"4ea8d17\" data-element_type=\"widget\" data-widget_type=\"text-editor.default\">\n\t\t\t\t<div class=\"elementor-widget-container\">\n\t\t\t\t\t\t\t\t\t<p data-sourcepos=\"3:1-3:299\">CENTRE GERI\u00c0TRIC GURE-ETXEA S.L., societat de nacionalitat espanyola amb domicili a Barcelona, CIF: B59920777, inscrita en el Registre Mercantil de Barcelona tom 21483, foli 144 fulla B-22719 inscripci\u00f3 1\u00aa \u00e9s la titular del lloc web <a class=\"traceable-link\" href=\"https:\/\/gure-etxea.com\" rel=\"noopener noreferrer\">https:\/\/gure-etxea.com<\/a><\/p><p data-sourcepos=\"5:1-5:31\"><strong>CONDICIONS GENERALS D&#8217;\u00daS<\/strong><\/p><p data-sourcepos=\"7:1-7:594\">La utilitzaci\u00f3 del lloc web <a class=\"traceable-link\" href=\"https:\/\/gure-etxea.com\" rel=\"noopener noreferrer\">https:\/\/gure-etxea.com<\/a> propietat de CENTRE GERI\u00c0TRIC GURE-ETXEA S.L \u00e9s absolutament volunt\u00e0ria i suposa l&#8217;acceptaci\u00f3 plena per qui accedeix al mateix, en endavant l&#8217;Usuari, de totes les Condicions Generals d&#8217;\u00das vigents en <span class=\"citation-0\">cada moment que es trobin en la present <\/span><span class=\"citation-0 citation-1 citation-end-0\">adre\u00e7a, per la qual cosa l&#8217;Usuari haur\u00e0 de llegir detingudament i acceptar sense cap tipus de reserves<\/span><span class=\"citation-1 citation-end-1\"> la present POL\u00cdTICA DE PRIVACITAT abans de realitzar qualsevol tipus d&#8217;operaci\u00f3, visionat, utilitzaci\u00f3, etc. amb<\/span> aquest lloc <span class=\"citation-2\">web.<\/span><\/p><p data-sourcepos=\"9:1-9:359\"><span class=\"citation-2 citation-end-2\">L&#8217;Usuari es compromet a no utilitzar els llocs web o els seus serveis i continguts de forma contr\u00e0ria al que disposa la legislaci\u00f3<\/span> vigent. CENTRE GERI\u00c0TRIC GURE-ETXEA S.L es reserva el dret a retirar l&#8217;acc\u00e9s a la present p\u00e0gina web, sense necessitat d&#8217;av\u00eds previ, a qualsevol Usuari que contravingui el que disposa en aquestes Condicions Generals d&#8217;\u00das.<\/p><p data-sourcepos=\"11:1-11:460\">CENTRE GERI\u00c0TRIC GURE-ETXEA S.L es reserva el dret de modificar en qualsevol moment les presents Condicions Generals d&#8217;\u00da<span class=\"citation-3\">s aix\u00ed com qualsevol altres condicions generals o particulars, reglaments d&#8217;\u00fas o avisos que resultin d&#8217;aplicaci\u00f3. Aix\u00ed mateix es reserva el dret <\/span><span class=\"citation-3 citation-4 citation-end-3\">a modificar en qualsevol moment la presentaci\u00f3, configuraci\u00f3 i localitzaci\u00f3<\/span><span class=\"citation-4 citation-end-4\"> del Lloc Web, aix\u00ed com els continguts i les condicions requerides per<\/span> utilitzar els mateixos.<\/p><p data-sourcepos=\"13:1-13:15\"><strong>OBJECTIU<\/strong><\/p><p data-sourcepos=\"15:1-15:201\">CENTRE GERI\u00c0TRIC GURE-ETXEA S.L, proporciona informaci\u00f3 clara i gratu\u00efta als Usuaris sobre els serveis que proporciona als seus clients, les seves caracter\u00edstiques i informaci\u00f3 sobre la pr\u00f2pia entitat.<\/p><p data-sourcepos=\"17:1-17:49\"><strong>\u00a0PROPIETAT <span class=\"citation-5\">INTEL\u00b7LECTUAL I INDUSTRIAL<\/span><\/strong><\/p><p data-sourcepos=\"19:1-19:323\"><span class=\"citation-5\">L&#8217;Usuari <\/span><span class=\"citation-5 citation-6 citation-end-5\">reconeix i accepta que tots els drets de propietat industrial i intel\u00b7lectual sobre els<\/span><span class=\"citation-6 citation-end-6\"> continguts i qualsevol altres elements inserits<\/span> al Lloc Web pertanyen a CENTRE GERI\u00c0TRIC GURE-ETXEA S.L o als seus llicenciants, excepte en el que es menciona en l&#8217;apartat anterior referent a hiperv\u00ednculos.<\/p><p data-sourcepos=\"21:1-21:533\">CENTRE GERI\u00c0TRIC GURE-ETXEA S.L \u00e9s titular dels textos i imatges de la seva p\u00e0gina web, i qualsevol altre contingut de la p\u00e0gina web o, en tot cas, disposa de la corresponent autoritzaci\u00f3 per a la utilitzaci\u00f3 de dits elements. <span class=\"citation-7 citation-end-7\">Per tant, l&#8217;Usuari nom\u00e9s est\u00e0 autoritzat a visualitzar tot el material i contingut d&#8217;aquesta p\u00e0gina tal i com es presenta<\/span> <span class=\"citation-8 citation-end-8\">per al seu \u00fas personal i privat, mai amb prop\u00f2sits comercials, sempre que l&#8217;Usuari compleixi amb totes les normatives de propietat industrial i intel\u00b7lectual.<\/span><\/p><p data-sourcepos=\"23:1-23:150\">CENTRE GERI\u00c0TRIC GURE-ETXEA S.L <span class=\"citation-9\">autoritza l&#8217;establiment d&#8217;enlla\u00e7os entre altres webs i la seva, sempre que es respectin les seg\u00fcents condicions:<\/span><\/p><ul data-sourcepos=\"25:1-28:1\"><li data-sourcepos=\"25:1-25:144\"><span class=\"citation-9\">Que l&#8217;enlla<\/span><span class=\"citation-9 citation-10 citation-end-9\">\u00e7 no s&#8217;estableixi des d&#8217;una web els continguts<\/span><span class=\"citation-10\"> de la qual resultin contraris a la Llei, a la moral i a l&#8217;ordre p\u00fablic.<\/span><\/li><li data-sourcepos=\"26:1-26:147\"><span class=\"citation-10 citation-end-10\">Que no s&#8217;ofereixi una imatge<\/span> de CENTRE GERI\u00c0TRIC GURE-ETXEA S.L o dels seus productes que resulti distorsionada, perjudicial o equivocada.<\/li><li data-sourcepos=\"27:1-27:230\">Que no es cre\u00ef la impressi\u00f3 que concorri una inexistent relaci\u00f3 o vinculaci\u00f3 comercial entre CENTRE GERI\u00c0TRIC GURE-ETXEA S.L i els titulars, responsables o anunciants des de la qual es crea l&#8217;enlla\u00e7, quan aquest no sigui el cas.<\/li><li data-sourcepos=\"27:1-27:230\"><div class=\"markdown markdown-main-panel\" dir=\"ltr\"><p data-sourcepos=\"3:1-3:209\">Que no es cre\u00ef la impressi\u00f3 que els continguts o web de CENTRE GERI\u00c0TRIC GURE-ETXEA S.L pertanyen o han estat dissenyats pels titulars, responsables o anunciants al web des del qual s&#8217;estableix l&#8217;enlla\u00e7.<\/p><p data-sourcepos=\"5:1-5:39\"><strong>\u00a0\u00daS DEL SERVEI I RESPONSABILITATS<\/strong><\/p><p data-sourcepos=\"7:1-7:232\">Les condicions d&#8217;acc\u00e9s i \u00fas d&#8217;aquesta p\u00e0gina <span class=\"citation-0\">web es regeixen estrictament per la legalitat vigent i pel principi de bona fe, comprometent-se l&#8217;Usuari a fer <\/span><span class=\"citation-0 citation-1 citation-end-0\">un bon \u00fas<\/span><span class=\"citation-1\"> de la web i dels serveis que s<\/span><span class=\"citation-1 citation-2\">&#8216;ofereixen.<\/span><\/p><p data-sourcepos=\"9:1-9:123\"><span class=\"citation-1 citation-2 citation-end-1\">Queden prohibits tots els actes que vulnerin la legalitat, drets o interessos de tercers, prohibint-se expressament:<\/span><\/p><ul data-sourcepos=\"11:1-14:0\"><li data-sourcepos=\"11:1-11:178\"><span class=\"citation-2 citation-end-2\">Realitzar actuacions que puguin produir a la web o a trav\u00e9s<\/span> d&#8217;ella i per qualsevol mitj\u00e0 algun tipus de dany als sistemes de\u00a0CENTRE GERI\u00c0TRIC GURE-ETXEA S.L o a tercers.<\/li><li data-sourcepos=\"12:1-12:214\">Realitzar publicitat o informaci\u00f3 comercial directa <span class=\"citation-3 citation-end-3\">o de forma encoberta, spam (enviament de correus massius) o l&#8217;enviament de grans missatges amb la finalitat de bloquejar els servidors de la xarxa.<\/span><\/li><li data-sourcepos=\"13:1-14:0\">CENTRE GERI\u00c0TRIC GURE-ETXEA S.L <span class=\"citation-4 citation-end-4\">no pot assumir cap responsabilitat derivada de l&#8217;\u00fas incorrecte, inapropiat o il\u00b7l\u00edcit de la informaci\u00f3 que apareix a les p\u00e0gines d&#8217;Internet<\/span> de\u00a0CENTRE GERI\u00c0TRIC GURE-ETXEA S.L<\/li><\/ul><p data-sourcepos=\"15:1-15:45\">\u00a0<\/p><p data-sourcepos=\"15:1-15:45\"><strong>CONDICIONS LEGALS D&#8217;INFORMACI\u00d3 GENERAL<\/strong><\/p><p data-sourcepos=\"17:1-17:402\">CENTRE GERI\u00c0TRIC GURE-ETXEA S.L, en compliment del que disposa l&#8217;art 10 de la <span class=\"citation-5 citation-end-5\">Llei 34\/2002 de Serveis de la Societat de la Informaci\u00f3 i de Comer\u00e7 Electr\u00f2nic, a trav\u00e9s de la seva p\u00e0gina web proporciona l&#8217;acc\u00e9s, per mitjans electr\u00f2nics, de forma permanent, f\u00e0cil, directa i gratu\u00efta, a la informaci\u00f3 relativa a la seva<\/span> denominaci\u00f3 social, dades fiscals, domicili i direcci\u00f3 de comunicacions.<\/p><\/div><p data-sourcepos=\"3:1-3:31\"><strong>EXCLUSI\u00d3 DE RESPONSABILITAT<\/strong><\/p><p data-sourcepos=\"5:1-5:571\">CENTRE GERI\u00c0TRIC GURE-ETXEA S.L <span class=\"citation-0 citation-end-0\">declina tota responsabilitat en cas que l&#8217;acc\u00e9s o les visites al seu web es vegin impossibilitades o dificultades a causa d&#8217;una interrupci\u00f3<\/span> o prestaci\u00f3 defectuosa del subministrament el\u00e8ctric, telef\u00f2nic o d&#8217;altres prove\u00efdors de telecomunicacions aliens a CENTRE GERI\u00c0TRIC GURE-ETXEA S.L, <span class=\"citation-1\">o en el cas de produir-se conflictes socials o altres sup\u00f2sits de for\u00e7a major, o qualsevol actuaci\u00f3 d<\/span><span class=\"citation-1 citation-2\">&#8216;un tercer, inclosos els requeriments o ordres administratives o judicials, sabotatges o saturacions, intencionades o no.<\/span><\/p><p data-sourcepos=\"7:1-7:259\"><span class=\"citation-1 citation-2 citation-end-1\">Es<\/span><span class=\"citation-2 citation-end-2\"> declina igualment tota responsabilitat derivada dels danys i perjudicis que<\/span> pugui patir el visitant en els seus mitjans inform\u00e0tics o telem\u00e0tics com a conseq\u00fc\u00e8ncia de la producci\u00f3 de qualsevol de les circumst\u00e0ncies anteriorment exposades.<\/p><p data-sourcepos=\"9:1-9:398\">CENTRE GERI\u00c0TRIC GURE-ETXEA S.L no garanteix la disponibilitat i continu\u00eftat del Lloc Web ni es fa responsable de qualsevol dany i perjudici produ\u00eft o que es pugui produir en el futur, ni dels <span class=\"citation-3 citation-end-3\">defectes t\u00e8cnics, sigui quina sigui la seva naturalesa, que es derivin de l&#8217;\u00fas de la informaci\u00f3 i de les mat\u00e8ries contingudes al<\/span> Web www.nombredelaempresa.com [se quit\u00f3 una URL no v\u00e1lida].<\/p><p data-sourcepos=\"11:1-11:245\">Dins dels l\u00edmits establerts per la Llei, CENTRE GERI\u00c0TRIC GURE-ETXEA S.L <span class=\"citation-4\">no assumeix cap responsabilitat derivada de la falta d&#8217;actualitzaci\u00f3 i precisi\u00f3 de les dades o informacions que es contenen a les seves p\u00e0gines d&#8217;Internet.<\/span><\/p><div class=\"response-footer gap complete\"><div class=\"sources-list-container ng-star-inserted\"><div class=\"sources-container ng-star-inserted\"><div class=\"recitations-list-container ng-star-inserted\"><div class=\"sources-header\">\u00a0<\/div><\/div><\/div><\/div><\/div><\/li><\/ul>\t\t\t\t\t\t\t\t<\/div>\n\t\t\t\t<\/div>\n\t\t\t\t\t<\/div>\n\t\t\t\t<\/div>\n\t\t\t\t<\/div>\n\t\t","protected":false},"excerpt":{"rendered":"<p>CENTRE GERI\u00c0TRIC GURE-ETXEA S.L., societat de nacionalitat espanyola amb domicili a Barcelona, CIF: B59920777, inscrita en el Registre Mercantil de Barcelona tom 21483, foli 144 fulla B-22719 inscripci\u00f3 1\u00aa \u00e9s la titular del lloc web https:\/\/gure-etxea.com CONDICIONS GENERALS D&#8217;\u00daS La utilitzaci\u00f3 del lloc web https:\/\/gure-etxea.com propietat de CENTRE GERI\u00c0TRIC GURE-ETXEA S.L \u00e9s absolutament volunt\u00e0ria i [&hellip;]<\/p>\n","protected":false},"author":2,"featured_media":0,"parent":0,"menu_order":0,"comment_status":"closed","ping_status":"closed","template":"","meta":{"ocean_post_layout":"","ocean_both_sidebars_style":"","ocean_both_sidebars_content_width":0,"ocean_both_sidebars_sidebars_width":0,"ocean_sidebar":"0","ocean_second_sidebar":"0","ocean_disable_margins":"enable","ocean_add_body_class":"","ocean_shortcode_before_top_bar":"","ocean_shortcode_after_top_bar":"","ocean_shortcode_before_header":"","ocean_shortcode_after_header":"","ocean_has_shortcode":"","ocean_shortcode_after_title":"","ocean_shortcode_before_footer_widgets":"","ocean_shortcode_after_footer_widgets":"","ocean_shortcode_before_footer_bottom":"","ocean_shortcode_after_footer_bottom":"","ocean_display_top_bar":"default","ocean_display_header":"default","ocean_header_style":"","ocean_center_header_left_menu":"0","ocean_custom_header_template":"0","ocean_custom_logo":0,"ocean_custom_retina_logo":0,"ocean_custom_logo_max_width":0,"ocean_custom_logo_tablet_max_width":0,"ocean_custom_logo_mobile_max_width":0,"ocean_custom_logo_max_height":0,"ocean_custom_logo_tablet_max_height":0,"ocean_custom_logo_mobile_max_height":0,"ocean_header_custom_menu":"0","ocean_menu_typo_font_family":"0","ocean_menu_typo_font_subset":"","ocean_menu_typo_font_size":0,"ocean_menu_typo_font_size_tablet":0,"ocean_menu_typo_font_size_mobile":0,"ocean_menu_typo_font_size_unit":"px","ocean_menu_typo_font_weight":"","ocean_menu_typo_font_weight_tablet":"","ocean_menu_typo_font_weight_mobile":"","ocean_menu_typo_transform":"","ocean_menu_typo_transform_tablet":"","ocean_menu_typo_transform_mobile":"","ocean_menu_typo_line_height":0,"ocean_menu_typo_line_height_tablet":0,"ocean_menu_typo_line_height_mobile":0,"ocean_menu_typo_line_height_unit":"","ocean_menu_typo_spacing":0,"ocean_menu_typo_spacing_tablet":0,"ocean_menu_typo_spacing_mobile":0,"ocean_menu_typo_spacing_unit":"","ocean_menu_link_color":"","ocean_menu_link_color_hover":"","ocean_menu_link_color_active":"","ocean_menu_link_background":"","ocean_menu_link_hover_background":"","ocean_menu_link_active_background":"","ocean_menu_social_links_bg":"","ocean_menu_social_hover_links_bg":"","ocean_menu_social_links_color":"","ocean_menu_social_hover_links_color":"","ocean_disable_title":"default","ocean_disable_heading":"default","ocean_post_title":"","ocean_post_subheading":"","ocean_post_title_style":"","ocean_post_title_background_color":"","ocean_post_title_background":0,"ocean_post_title_bg_image_position":"","ocean_post_title_bg_image_attachment":"","ocean_post_title_bg_image_repeat":"","ocean_post_title_bg_image_size":"","ocean_post_title_height":0,"ocean_post_title_bg_overlay":0.5,"ocean_post_title_bg_overlay_color":"","ocean_disable_breadcrumbs":"default","ocean_breadcrumbs_color":"","ocean_breadcrumbs_separator_color":"","ocean_breadcrumbs_links_color":"","ocean_breadcrumbs_links_hover_color":"","ocean_display_footer_widgets":"default","ocean_display_footer_bottom":"default","ocean_custom_footer_template":"0","_joinchat":[],"footnotes":""},"class_list":["post-304","page","type-page","status-publish","hentry","entry"],"_links":{"self":[{"href":"https:\/\/centre.gure-etxea.com\/index.php\/wp-json\/wp\/v2\/pages\/304","targetHints":{"allow":["GET"]}}],"collection":[{"href":"https:\/\/centre.gure-etxea.com\/index.php\/wp-json\/wp\/v2\/pages"}],"about":[{"href":"https:\/\/centre.gure-etxea.com\/index.php\/wp-json\/wp\/v2\/types\/page"}],"author":[{"embeddable":true,"href":"https:\/\/centre.gure-etxea.com\/index.php\/wp-json\/wp\/v2\/users\/2"}],"replies":[{"embeddable":true,"href":"https:\/\/centre.gure-etxea.com\/index.php\/wp-json\/wp\/v2\/comments?post=304"}],"version-history":[{"count":7,"href":"https:\/\/centre.gure-etxea.com\/index.php\/wp-json\/wp\/v2\/pages\/304\/revisions"}],"predecessor-version":[{"id":312,"href":"https:\/\/centre.gure-etxea.com\/index.php\/wp-json\/wp\/v2\/pages\/304\/revisions\/312"}],"wp:attachment":[{"href":"https:\/\/centre.gure-etxea.com\/index.php\/wp-json\/wp\/v2\/media?parent=304"}],"curies":[{"name":"wp","href":"https:\/\/api.w.org\/{rel}","templated":true}]}}