{"id":16,"date":"2024-05-07T19:47:33","date_gmt":"2024-05-07T19:47:33","guid":{"rendered":"https:\/\/centre.gure-etxea.com\/?page_id=16"},"modified":"2024-05-07T20:29:40","modified_gmt":"2024-05-07T20:29:40","slug":"politica-de-cookies","status":"publish","type":"page","link":"https:\/\/centre.gure-etxea.com\/index.php\/politica-de-cookies\/","title":{"rendered":"Pol\u00edtica de cookies"},"content":{"rendered":"<h3 class=\"western\">Aquest web utilitza cookies<\/h3>\n<p>En compliment de la Llei 34\/202 d\u201911 de juliol dels Serveis de la Societat de la Informaci\u00f3 i de Comer\u00e7 Electr\u00f2nic (LSSICE), t\u2019informem que aquesta web <strong><span style=\"color: #666666;\"><span style=\"font-family: Roboto, sans-serif;\"><span style=\"font-size: small;\"><b>CENTRO GERIATRICO GURE-ETXEA S.L<\/b><\/span><\/span><\/span><\/strong> utilitza cookies.<\/p>\n<p>La LSSICE s\u2019aplica a qualsevol mena d\u2019arxiu o dispositiu que es descarregui en l\u2019equip terminal d\u2019un usuari amb la finalitat d\u2019 emmagatzemar dades que podran ser actualitzades i recuperades per l\u2019entitat responsable de la seva instal\u00b7laci\u00f3. Una cookie \u00e9s un d\u2019aquests arxius d\u2019\u00fas generalitzat, als que anomenem gen\u00e8ricament com a cookies.<\/p>\n<p>Les cookies (o galetes, en catal\u00e0) s\u00f3n petits fitxers de text enviats a un navegador des d\u2019un servidor web per registrar activitat de l\u2019usuari en una web de manera que pugui recuperar aquesta informaci\u00f3 posteriorment durant la navegaci\u00f3 per les diferents p\u00e0gines que estan connectades al servidor que les va instal\u00b7lar.<\/p>\n<p>Les <em>cookies<\/em> acostumen a emmagatzemar informaci\u00f3 de car\u00e0cter t\u00e8cnic, prefer\u00e8ncies personals, personalitzaci\u00f3 de continguts, estad\u00edstiques d\u2019\u00fas, enlla\u00e7os a xarxes socials, acc\u00e9s a comptes d\u2019usuaris, etc.<\/p>\n<h3 class=\"western\">Sobre aquesta pol\u00edtica de galetes<\/h3>\n<p>Aquesta pol\u00edtica de galetes explica quines s\u00f3n les galetes i com les utilitzem, els tipus de galetes que utilitzem, \u00e9s a dir, la informaci\u00f3 que recopilem utilitzant les galetes i com s&#8217;utilitza aquesta informaci\u00f3, i com controlar les prefer\u00e8ncies de les galetes. Per obtenir m\u00e9s informaci\u00f3 sobre com utilitzem, emmagatzem i mantinguem les vostres dades personals segures, vegeu la nostra Pol\u00edtica de privacitat.<\/p>\n<p>En qualsevol moment podeu canviar o retirar el vostre consentiment de la Declaraci\u00f3 Cookie al nostre lloc web<br \/>\nConegueu m\u00e9s sobre qui som, com podeu contactar amb nosaltres, i com processem les dades personals en la nostra pol\u00edtica de privacitat.<br \/>\nEl seu consentiment s&#8217;aplica als seg\u00fcents dominis: gure-etxea.com<\/p>\n<p>[user_consent_state]<\/p>\n<p>&nbsp;<\/p>\n<h3 class=\"western\">Quin tipus de galetes utilitzem?<\/h3>\n<p>Essential: Algunes galetes s\u00f3n essencials perqu\u00e8 puguis experimentar tota la funcionalitat del nostre lloc. Ens permeten mantenir les sessions d&#8217;usuaris i prevenir qualsevol amena\u00e7a de seguretat. No recullen ni emmagatzemen cap informaci\u00f3 personal. Per exemple, aquestes galetes us permeten iniciar sessi\u00f3 al vostre compte i afegir productes a la vostra cistella, i obtenir-los de forma segura.<\/p>\n<p>Estad\u00edstiques: Aquestes galetes emmagatzemen informaci\u00f3 com el nombre de visitants al lloc web, el nombre de visitants \u00fanics, quines p\u00e0gines del lloc web han estat visitades, la font de la visita, etc. Aquestes dades ens ajuden a entendre i analitzar com funciona el lloc web i on necessita millores.<\/p>\n<p>Funcional: Aquestes s\u00f3n les galetes que ajuden a certes funcionalitats no essencials en el nostre lloc web. Aquestes funcionalitats inclouen incrustar contingut com v\u00eddeos o compartir contingut del lloc web a les plataformes de mitjans socials.<\/p>\n<p>Prefer\u00e8ncies: Aquestes galetes ens ajuden a emmagatzemar els vostres par\u00e0metres i prefer\u00e8ncies de navegaci\u00f3 com prefer\u00e8ncies d&#8217;idioma de manera que tingueu una experi\u00e8ncia millor i eficient en visites futures al lloc web.<\/p>\n<p>[cookie_audit columns=&#8221;cookie,description&#8221; heading=&#8221;La llista seg\u00fcent mostra les galetes utilitzades al nostre lloc web..&#8221;]<\/p>\n<h3 class=\"western\"><\/h3>\n<h3 class=\"western\">Com desactivar les cookies en els principals navegadors web<\/h3>\n<p>Per configurar l\u2019\u00fas de cookies, segueix les instruccions corresponents al mateix navegador o consulta la seva ajuda:<\/p>\n<ul>\n<li><a href=\"https:\/\/support.apple.com\/es-es\/HT201265\">Safari<\/a><\/li>\n<li><a href=\"https:\/\/support.mozilla.org\/ca\/kb\/activa-i-desactiva-les-galetes-que-les-pagines-web\">Firefox<\/a><\/li>\n<li><a href=\"https:\/\/support.google.com\/chrome\/answer\/95647?hl=ca\">Chrome<\/a><\/li>\n<li><a href=\"https:\/\/www.opera.com\/help\/tutorials\/security\/privacy\/\">\u00d3pera<\/a><\/li>\n<li><a href=\"https:\/\/support.microsoft.com\/es-es\/help\/17442\/windows-internet-explorer-delete-manage-cookies\">Internet Explorer<\/a><\/li>\n<li><a href=\"https:\/\/privacy.microsoft.com\/es-es\/windows-10-microsoft-edge-and-privacy\">Edge<\/a><\/li>\n<\/ul>\n<h3 class=\"western\">Qu\u00e9 passa si no s\u2019accepten les cookies<\/h3>\n<p>El rebuig de les cookies pot impedir l\u2019acc\u00e9s a continguts i serveis personalitzats.<\/p>\n<h3 class=\"western\">Actualitzacions i modificacions en la pol\u00edtica de cookies<\/h3>\n<p><strong><span style=\"color: #666666;\"><span style=\"font-family: Roboto, sans-serif;\"><span style=\"font-size: small;\">CENTRO GERIATRICO GURE-ETXEA S.L<\/span><\/span><\/span><\/strong> pot modificar aquesta pol\u00edtica de cookies en funci\u00f3 de les exig\u00e8ncies legislatives, reglament\u00e0ries, amb la finalitat d\u2019adaptar aquesta pol\u00edtica a les instruccions dictades per l\u2019Agencia Espa\u00f1ola de Protecci\u00f3n de Datos, per q\u00fcestions t\u00e8cniques o de reorganitzaci\u00f3 de la web; per aix\u00f2 t\u2019aconsellem que les visites peri\u00f2dicament.<\/p>\n<h3 class=\"western\">Contacte<\/h3>\n<p>Per resoldre qualsevol dubte sobre c\u00f3m s\u2019utilitzen les cookies, escriu a la direcci\u00f3 de correu electr\u00f2nic: info@gure-etxea.com.<\/p>\n<p>&nbsp;<\/p>\n","protected":false},"excerpt":{"rendered":"<p>Aquest web utilitza cookies En compliment de la Llei 34\/202 d\u201911 de juliol dels Serveis de la Societat de la Informaci\u00f3 i de Comer\u00e7 Electr\u00f2nic (LSSICE), t\u2019informem que aquesta web CENTRO GERIATRICO GURE-ETXEA S.L utilitza cookies. La LSSICE s\u2019aplica a qualsevol mena d\u2019arxiu o dispositiu que es descarregui en l\u2019equip terminal d\u2019un usuari amb la [&hellip;]<\/p>\n","protected":false},"author":2,"featured_media":0,"parent":0,"menu_order":0,"comment_status":"closed","ping_status":"closed","template":"","meta":{"ocean_post_layout":"","ocean_both_sidebars_style":"","ocean_both_sidebars_content_width":0,"ocean_both_sidebars_sidebars_width":0,"ocean_sidebar":"0","ocean_second_sidebar":"0","ocean_disable_margins":"enable","ocean_add_body_class":"","ocean_shortcode_before_top_bar":"","ocean_shortcode_after_top_bar":"","ocean_shortcode_before_header":"","ocean_shortcode_after_header":"","ocean_has_shortcode":"","ocean_shortcode_after_title":"","ocean_shortcode_before_footer_widgets":"","ocean_shortcode_after_footer_widgets":"","ocean_shortcode_before_footer_bottom":"","ocean_shortcode_after_footer_bottom":"","ocean_display_top_bar":"default","ocean_display_header":"default","ocean_header_style":"","ocean_center_header_left_menu":"0","ocean_custom_header_template":"0","ocean_custom_logo":0,"ocean_custom_retina_logo":0,"ocean_custom_logo_max_width":0,"ocean_custom_logo_tablet_max_width":0,"ocean_custom_logo_mobile_max_width":0,"ocean_custom_logo_max_height":0,"ocean_custom_logo_tablet_max_height":0,"ocean_custom_logo_mobile_max_height":0,"ocean_header_custom_menu":"0","ocean_menu_typo_font_family":"0","ocean_menu_typo_font_subset":"","ocean_menu_typo_font_size":0,"ocean_menu_typo_font_size_tablet":0,"ocean_menu_typo_font_size_mobile":0,"ocean_menu_typo_font_size_unit":"px","ocean_menu_typo_font_weight":"","ocean_menu_typo_font_weight_tablet":"","ocean_menu_typo_font_weight_mobile":"","ocean_menu_typo_transform":"","ocean_menu_typo_transform_tablet":"","ocean_menu_typo_transform_mobile":"","ocean_menu_typo_line_height":0,"ocean_menu_typo_line_height_tablet":0,"ocean_menu_typo_line_height_mobile":0,"ocean_menu_typo_line_height_unit":"","ocean_menu_typo_spacing":0,"ocean_menu_typo_spacing_tablet":0,"ocean_menu_typo_spacing_mobile":0,"ocean_menu_typo_spacing_unit":"","ocean_menu_link_color":"","ocean_menu_link_color_hover":"","ocean_menu_link_color_active":"","ocean_menu_link_background":"","ocean_menu_link_hover_background":"","ocean_menu_link_active_background":"","ocean_menu_social_links_bg":"","ocean_menu_social_hover_links_bg":"","ocean_menu_social_links_color":"","ocean_menu_social_hover_links_color":"","ocean_disable_title":"default","ocean_disable_heading":"default","ocean_post_title":"","ocean_post_subheading":"","ocean_post_title_style":"","ocean_post_title_background_color":"","ocean_post_title_background":0,"ocean_post_title_bg_image_position":"","ocean_post_title_bg_image_attachment":"","ocean_post_title_bg_image_repeat":"","ocean_post_title_bg_image_size":"","ocean_post_title_height":0,"ocean_post_title_bg_overlay":0.5,"ocean_post_title_bg_overlay_color":"","ocean_disable_breadcrumbs":"default","ocean_breadcrumbs_color":"","ocean_breadcrumbs_separator_color":"","ocean_breadcrumbs_links_color":"","ocean_breadcrumbs_links_hover_color":"","ocean_display_footer_widgets":"default","ocean_display_footer_bottom":"default","ocean_custom_footer_template":"0","_joinchat":[],"footnotes":""},"class_list":["post-16","page","type-page","status-publish","hentry","entry"],"_links":{"self":[{"href":"https:\/\/centre.gure-etxea.com\/index.php\/wp-json\/wp\/v2\/pages\/16","targetHints":{"allow":["GET"]}}],"collection":[{"href":"https:\/\/centre.gure-etxea.com\/index.php\/wp-json\/wp\/v2\/pages"}],"about":[{"href":"https:\/\/centre.gure-etxea.com\/index.php\/wp-json\/wp\/v2\/types\/page"}],"author":[{"embeddable":true,"href":"https:\/\/centre.gure-etxea.com\/index.php\/wp-json\/wp\/v2\/users\/2"}],"replies":[{"embeddable":true,"href":"https:\/\/centre.gure-etxea.com\/index.php\/wp-json\/wp\/v2\/comments?post=16"}],"version-history":[{"count":5,"href":"https:\/\/centre.gure-etxea.com\/index.php\/wp-json\/wp\/v2\/pages\/16\/revisions"}],"predecessor-version":[{"id":24,"href":"https:\/\/centre.gure-etxea.com\/index.php\/wp-json\/wp\/v2\/pages\/16\/revisions\/24"}],"wp:attachment":[{"href":"https:\/\/centre.gure-etxea.com\/index.php\/wp-json\/wp\/v2\/media?parent=16"}],"curies":[{"name":"wp","href":"https:\/\/api.w.org\/{rel}","templated":true}]}}